{"id":100865,"date":"2022-11-15T17:16:51","date_gmt":"2022-11-15T17:16:51","guid":{"rendered":"https:\/\/rannatee.ee\/paikeseloojangud-rannateel\/"},"modified":"2024-03-05T12:10:04","modified_gmt":"2024-03-05T12:10:04","slug":"paikeseloojangud-rannateel","status":"publish","type":"page","link":"https:\/\/rannatee.ee\/en\/paikeseloojangud-rannateel\/","title":{"rendered":"P\u00e4ikeseloojangud rannateel"},"content":{"rendered":"<p><div class=\"fusion-fullwidth fullwidth-box fusion-builder-row-1 fusion-flex-container has-pattern-background has-mask-background nonhundred-percent-fullwidth non-hundred-percent-height-scrolling\" style=\"--awb-border-radius-top-left:0px;--awb-border-radius-top-right:0px;--awb-border-radius-bottom-right:0px;--awb-border-radius-bottom-left:0px;--awb-flex-wrap:wrap;\" ><div class=\"fusion-builder-row fusion-row fusion-flex-align-items-flex-start fusion-flex-content-wrap\" style=\"max-width:1248px;margin-left: calc(-4% \/ 2 );margin-right: calc(-4% \/ 2 );\"><div class=\"fusion-layout-column fusion_builder_column fusion-builder-column-0 fusion_builder_column_1_1 1_1 fusion-flex-column\" style=\"--awb-bg-size:cover;--awb-width-large:100%;--awb-margin-top-large:0px;--awb-spacing-right-large:1.92%;--awb-margin-bottom-large:0px;--awb-spacing-left-large:1.92%;--awb-width-medium:100%;--awb-order-medium:0;--awb-spacing-right-medium:1.92%;--awb-spacing-left-medium:1.92%;--awb-width-small:100%;--awb-order-small:0;--awb-spacing-right-small:1.92%;--awb-spacing-left-small:1.92%;\"><div class=\"fusion-column-wrapper fusion-column-has-shadow fusion-flex-justify-content-flex-start fusion-content-layout-column\"><div class=\"fusion-image-element \" style=\"--awb-aspect-ratio:2 \/ 1;--awb-caption-title-font-family:var(--h2_typography-font-family);--awb-caption-title-font-weight:var(--h2_typography-font-weight);--awb-caption-title-font-style:var(--h2_typography-font-style);--awb-caption-title-size:var(--h2_typography-font-size);--awb-caption-title-transform:var(--h2_typography-text-transform);--awb-caption-title-line-height:var(--h2_typography-line-height);--awb-caption-title-letter-spacing:var(--h2_typography-letter-spacing);\"><span class=\" fusion-imageframe imageframe-none imageframe-1 hover-type-none has-aspect-ratio\"><img decoding=\"async\" width=\"2560\" height=\"1707\" title=\"1-0965\" src=\"https:\/\/rannatee.ee\/wp-content\/uploads\/2023\/01\/1-0965-scaled.jpg\" data-orig-src=\"https:\/\/rannatee.ee\/wp-content\/uploads\/2023\/01\/1-0965-scaled.jpg\" class=\"lazyload img-responsive wp-image-83840 img-with-aspect-ratio\" data-parent-fit=\"cover\" data-parent-container=\".fusion-image-element\" alt srcset=\"data:image\/svg+xml,%3Csvg%20xmlns%3D%27http%3A%2F%2Fwww.w3.org%2F2000%2Fsvg%27%20width%3D%272560%27%20height%3D%271707%27%20viewBox%3D%270%200%202560%201707%27%3E%3Crect%20width%3D%272560%27%20height%3D%271707%27%20fill-opacity%3D%220%22%2F%3E%3C%2Fsvg%3E\" data-srcset=\"https:\/\/rannatee.ee\/wp-content\/uploads\/2023\/01\/1-0965-200x133.jpg 200w, https:\/\/rannatee.ee\/wp-content\/uploads\/2023\/01\/1-0965-400x267.jpg 400w, https:\/\/rannatee.ee\/wp-content\/uploads\/2023\/01\/1-0965-600x400.jpg 600w, https:\/\/rannatee.ee\/wp-content\/uploads\/2023\/01\/1-0965-800x533.jpg 800w, https:\/\/rannatee.ee\/wp-content\/uploads\/2023\/01\/1-0965-1200x800.jpg 1200w, https:\/\/rannatee.ee\/wp-content\/uploads\/2023\/01\/1-0965-scaled.jpg 2560w\" data-sizes=\"auto\" data-orig-sizes=\"(max-width: 1024px) 100vw, (max-width: 640px) 100vw, 1200px\" \/><\/span><\/div><\/div><\/div><\/div><\/div><div class=\"fusion-fullwidth fullwidth-box fusion-builder-row-2 fusion-flex-container has-pattern-background has-mask-background nonhundred-percent-fullwidth non-hundred-percent-height-scrolling\" style=\"--awb-border-radius-top-left:0px;--awb-border-radius-top-right:0px;--awb-border-radius-bottom-right:0px;--awb-border-radius-bottom-left:0px;--awb-padding-bottom:30px;--awb-flex-wrap:wrap;\" ><div class=\"fusion-builder-row fusion-row fusion-flex-align-items-flex-start fusion-flex-content-wrap\" style=\"max-width:1248px;margin-left: calc(-4% \/ 2 );margin-right: calc(-4% \/ 2 );\"><div class=\"fusion-layout-column fusion_builder_column fusion-builder-column-1 fusion_builder_column_1_1 1_1 fusion-flex-column\" style=\"--awb-padding-top:20px;--awb-bg-size:cover;--awb-width-large:100%;--awb-margin-top-large:0px;--awb-spacing-right-large:1.92%;--awb-margin-bottom-large:0px;--awb-spacing-left-large:1.92%;--awb-width-medium:100%;--awb-order-medium:0;--awb-spacing-right-medium:1.92%;--awb-spacing-left-medium:1.92%;--awb-width-small:100%;--awb-order-small:0;--awb-spacing-right-small:1.92%;--awb-spacing-left-small:1.92%;\"><div class=\"fusion-column-wrapper fusion-column-has-shadow fusion-flex-justify-content-flex-start fusion-content-layout-column\"><div class=\"fusion-text fusion-text-1\"><h1 class=\"western\" lang=\"et-EE\" style=\"text-align: center;\"><span lang=\"en-GB\">SUNSETS ON THE BEACH ROUTE<\/span><\/h1>\n<\/div><div class=\"fusion-text fusion-text-2 fusion-text-no-margin\" style=\"--awb-margin-top:10px;--awb-margin-bottom:30px;\"><h3 class=\"western\" lang=\"et-EE\" style=\"text-align: center;\"><span lang=\"en-GB\">When light takes on colours and shades.<\/span><\/h3>\n<\/div><\/div><\/div><\/div><\/div><div class=\"fusion-fullwidth fullwidth-box fusion-builder-row-3 fusion-flex-container has-pattern-background has-mask-background nonhundred-percent-fullwidth non-hundred-percent-height-scrolling\" style=\"--awb-border-radius-top-left:0px;--awb-border-radius-top-right:0px;--awb-border-radius-bottom-right:0px;--awb-border-radius-bottom-left:0px;--awb-padding-top:20px;--awb-padding-bottom:20px;--awb-margin-top:10px;--awb-margin-bottom:10px;--awb-background-color:#ffffff;--awb-flex-wrap:wrap;\" ><div class=\"fusion-builder-row fusion-row fusion-flex-align-items-flex-start fusion-flex-content-wrap\" style=\"max-width:1248px;margin-left: calc(-4% \/ 2 );margin-right: calc(-4% \/ 2 );\"><div class=\"fusion-layout-column fusion_builder_column fusion-builder-column-2 fusion_builder_column_1_3 1_3 fusion-flex-column\" style=\"--awb-bg-size:cover;--awb-width-large:33.333333333333%;--awb-margin-top-large:0px;--awb-spacing-right-large:5.76%;--awb-margin-bottom-large:0px;--awb-spacing-left-large:5.76%;--awb-width-medium:100%;--awb-order-medium:0;--awb-spacing-right-medium:1.92%;--awb-spacing-left-medium:1.92%;--awb-width-small:100%;--awb-order-small:0;--awb-spacing-right-small:1.92%;--awb-spacing-left-small:1.92%;\"><div class=\"fusion-column-wrapper fusion-column-has-shadow fusion-flex-justify-content-flex-start fusion-content-layout-column\"><div class=\"fusion-image-element \" style=\"--awb-caption-title-font-family:var(--h2_typography-font-family);--awb-caption-title-font-weight:var(--h2_typography-font-weight);--awb-caption-title-font-style:var(--h2_typography-font-style);--awb-caption-title-size:var(--h2_typography-font-size);--awb-caption-title-transform:var(--h2_typography-text-transform);--awb-caption-title-line-height:var(--h2_typography-line-height);--awb-caption-title-letter-spacing:var(--h2_typography-letter-spacing);\"><span class=\" fusion-imageframe imageframe-none imageframe-2 hover-type-none\"><img decoding=\"async\" width=\"2560\" height=\"1707\" title=\"2-2868\" src=\"https:\/\/rannatee.ee\/wp-content\/uploads\/2022\/05\/2-2868-scaled.jpg\" data-orig-src=\"https:\/\/rannatee.ee\/wp-content\/uploads\/2022\/05\/2-2868-scaled.jpg\" alt class=\"lazyload img-responsive wp-image-73928\" srcset=\"data:image\/svg+xml,%3Csvg%20xmlns%3D%27http%3A%2F%2Fwww.w3.org%2F2000%2Fsvg%27%20width%3D%272560%27%20height%3D%271707%27%20viewBox%3D%270%200%202560%201707%27%3E%3Crect%20width%3D%272560%27%20height%3D%271707%27%20fill-opacity%3D%220%22%2F%3E%3C%2Fsvg%3E\" data-srcset=\"https:\/\/rannatee.ee\/wp-content\/uploads\/2022\/05\/2-2868-200x133.jpg 200w, https:\/\/rannatee.ee\/wp-content\/uploads\/2022\/05\/2-2868-400x267.jpg 400w, https:\/\/rannatee.ee\/wp-content\/uploads\/2022\/05\/2-2868-600x400.jpg 600w, https:\/\/rannatee.ee\/wp-content\/uploads\/2022\/05\/2-2868-800x533.jpg 800w, https:\/\/rannatee.ee\/wp-content\/uploads\/2022\/05\/2-2868-1200x800.jpg 1200w, https:\/\/rannatee.ee\/wp-content\/uploads\/2022\/05\/2-2868-scaled.jpg 2560w\" data-sizes=\"auto\" data-orig-sizes=\"(max-width: 1024px) 100vw, (max-width: 640px) 100vw, 400px\" \/><\/span><\/div><\/div><\/div><div class=\"fusion-layout-column fusion_builder_column fusion-builder-column-3 fusion_builder_column_1_3 1_3 fusion-flex-column\" style=\"--awb-bg-size:cover;--awb-width-large:33.333333333333%;--awb-margin-top-large:0px;--awb-spacing-right-large:5.76%;--awb-margin-bottom-large:0px;--awb-spacing-left-large:5.76%;--awb-width-medium:100%;--awb-order-medium:0;--awb-spacing-right-medium:1.92%;--awb-spacing-left-medium:1.92%;--awb-width-small:100%;--awb-order-small:0;--awb-spacing-right-small:1.92%;--awb-spacing-left-small:1.92%;\"><div class=\"fusion-column-wrapper fusion-column-has-shadow fusion-flex-justify-content-flex-start fusion-content-layout-column\"><div class=\"fusion-image-element \" style=\"--awb-caption-title-font-family:var(--h2_typography-font-family);--awb-caption-title-font-weight:var(--h2_typography-font-weight);--awb-caption-title-font-style:var(--h2_typography-font-style);--awb-caption-title-size:var(--h2_typography-font-size);--awb-caption-title-transform:var(--h2_typography-text-transform);--awb-caption-title-line-height:var(--h2_typography-line-height);--awb-caption-title-letter-spacing:var(--h2_typography-letter-spacing);\"><span class=\" fusion-imageframe imageframe-none imageframe-3 hover-type-none\"><img decoding=\"async\" width=\"2560\" height=\"1707\" title=\"1-2312\" src=\"https:\/\/rannatee.ee\/wp-content\/uploads\/2023\/01\/1-2312-scaled.jpg\" data-orig-src=\"https:\/\/rannatee.ee\/wp-content\/uploads\/2023\/01\/1-2312-scaled.jpg\" alt class=\"lazyload img-responsive wp-image-83847\" srcset=\"data:image\/svg+xml,%3Csvg%20xmlns%3D%27http%3A%2F%2Fwww.w3.org%2F2000%2Fsvg%27%20width%3D%272560%27%20height%3D%271707%27%20viewBox%3D%270%200%202560%201707%27%3E%3Crect%20width%3D%272560%27%20height%3D%271707%27%20fill-opacity%3D%220%22%2F%3E%3C%2Fsvg%3E\" data-srcset=\"https:\/\/rannatee.ee\/wp-content\/uploads\/2023\/01\/1-2312-200x133.jpg 200w, https:\/\/rannatee.ee\/wp-content\/uploads\/2023\/01\/1-2312-400x267.jpg 400w, https:\/\/rannatee.ee\/wp-content\/uploads\/2023\/01\/1-2312-600x400.jpg 600w, https:\/\/rannatee.ee\/wp-content\/uploads\/2023\/01\/1-2312-800x533.jpg 800w, https:\/\/rannatee.ee\/wp-content\/uploads\/2023\/01\/1-2312-1200x800.jpg 1200w, https:\/\/rannatee.ee\/wp-content\/uploads\/2023\/01\/1-2312-scaled.jpg 2560w\" data-sizes=\"auto\" data-orig-sizes=\"(max-width: 1024px) 100vw, (max-width: 640px) 100vw, 400px\" \/><\/span><\/div><\/div><\/div><div class=\"fusion-layout-column fusion_builder_column fusion-builder-column-4 fusion_builder_column_1_3 1_3 fusion-flex-column\" style=\"--awb-bg-size:cover;--awb-width-large:33.333333333333%;--awb-margin-top-large:0px;--awb-spacing-right-large:5.76%;--awb-margin-bottom-large:0px;--awb-spacing-left-large:5.76%;--awb-width-medium:100%;--awb-order-medium:0;--awb-spacing-right-medium:1.92%;--awb-spacing-left-medium:1.92%;--awb-width-small:100%;--awb-order-small:0;--awb-spacing-right-small:1.92%;--awb-spacing-left-small:1.92%;\"><div class=\"fusion-column-wrapper fusion-column-has-shadow fusion-flex-justify-content-flex-start fusion-content-layout-column\"><div class=\"fusion-image-element \" style=\"--awb-caption-title-font-family:var(--h2_typography-font-family);--awb-caption-title-font-weight:var(--h2_typography-font-weight);--awb-caption-title-font-style:var(--h2_typography-font-style);--awb-caption-title-size:var(--h2_typography-font-size);--awb-caption-title-transform:var(--h2_typography-text-transform);--awb-caption-title-line-height:var(--h2_typography-line-height);--awb-caption-title-letter-spacing:var(--h2_typography-letter-spacing);\"><span class=\" fusion-imageframe imageframe-none imageframe-4 hover-type-none\"><img decoding=\"async\" width=\"2560\" height=\"1707\" title=\"1-9942\" src=\"https:\/\/rannatee.ee\/wp-content\/uploads\/2023\/01\/1-9942-scaled.jpg\" data-orig-src=\"https:\/\/rannatee.ee\/wp-content\/uploads\/2023\/01\/1-9942-scaled.jpg\" alt class=\"lazyload img-responsive wp-image-83819\" srcset=\"data:image\/svg+xml,%3Csvg%20xmlns%3D%27http%3A%2F%2Fwww.w3.org%2F2000%2Fsvg%27%20width%3D%272560%27%20height%3D%271707%27%20viewBox%3D%270%200%202560%201707%27%3E%3Crect%20width%3D%272560%27%20height%3D%271707%27%20fill-opacity%3D%220%22%2F%3E%3C%2Fsvg%3E\" data-srcset=\"https:\/\/rannatee.ee\/wp-content\/uploads\/2023\/01\/1-9942-200x133.jpg 200w, https:\/\/rannatee.ee\/wp-content\/uploads\/2023\/01\/1-9942-400x267.jpg 400w, https:\/\/rannatee.ee\/wp-content\/uploads\/2023\/01\/1-9942-600x400.jpg 600w, https:\/\/rannatee.ee\/wp-content\/uploads\/2023\/01\/1-9942-800x533.jpg 800w, https:\/\/rannatee.ee\/wp-content\/uploads\/2023\/01\/1-9942-1200x800.jpg 1200w, https:\/\/rannatee.ee\/wp-content\/uploads\/2023\/01\/1-9942-scaled.jpg 2560w\" data-sizes=\"auto\" data-orig-sizes=\"(max-width: 1024px) 100vw, (max-width: 640px) 100vw, 400px\" \/><\/span><\/div><\/div><\/div><\/div><\/div><div class=\"fusion-fullwidth fullwidth-box fusion-builder-row-4 fusion-flex-container has-pattern-background has-mask-background nonhundred-percent-fullwidth non-hundred-percent-height-scrolling\" style=\"--awb-border-radius-top-left:0px;--awb-border-radius-top-right:0px;--awb-border-radius-bottom-right:0px;--awb-border-radius-bottom-left:0px;--awb-padding-top:20px;--awb-padding-bottom:20px;--awb-flex-wrap:wrap;\" ><div class=\"fusion-builder-row fusion-row fusion-flex-align-items-flex-start fusion-flex-content-wrap\" style=\"max-width:1248px;margin-left: calc(-4% \/ 2 );margin-right: calc(-4% \/ 2 );\"><div class=\"fusion-layout-column fusion_builder_column fusion-builder-column-5 fusion_builder_column_1_1 1_1 fusion-flex-column\" style=\"--awb-padding-top:20px;--awb-padding-bottom:20px;--awb-bg-size:cover;--awb-width-large:100%;--awb-margin-top-large:0px;--awb-spacing-right-large:1.92%;--awb-margin-bottom-large:0px;--awb-spacing-left-large:1.92%;--awb-width-medium:100%;--awb-order-medium:0;--awb-spacing-right-medium:1.92%;--awb-spacing-left-medium:1.92%;--awb-width-small:100%;--awb-order-small:0;--awb-spacing-right-small:1.92%;--awb-spacing-left-small:1.92%;\"><div class=\"fusion-column-wrapper fusion-column-has-shadow fusion-flex-justify-content-flex-start fusion-content-layout-column\"><div class=\"fusion-text fusion-text-3\"><p class=\"western\" lang=\"et-EE\" style=\"text-align: center;\"><span lang=\"en-GB\">Every day ends with a sunset, one of the most amazing natural occurrences. It varies with each season, influenced by the sun\u2019s angle, reflecting objects, clouds and the location from which we observe it. At times, the coast takes on a golden hue, while other times it turns completely pink. The larger and emptier the horizon, the greater the area it takes and the grander the show is it puts on. This is why many of us are willing to climb the tallest hill, drive to the coast or seek out the highest floor of a high building for the sunset. And those colours. We pause in our activities time and again, filled with awe, to savour the sun\u2019s journey behind the horizon in complete stillness. Let us run outside or to the sea, lift our gaze and be endlessly grateful for these little wonders in our lives. It is like a fiery romance story in the middle of a colourful sky, which reveals a completely new way of looking at the world. It reveals a sense of mystery, with colours and shades. The sunset grants an unexplainable sense of peace and offers a wordless summary of the day. If you know how to see, the sunset shows you how to let go in the most beautiful way imaginable.<\/span><\/p>\n<p class=\"western\" lang=\"et-EE\" style=\"text-align: center;\"><span lang=\"en-GB\">The Romantic Coastline mostly runs along the coast, concealing both private and public spots for enjoying this romantic activity in nature. Watching sunsets, whether at sea from a boat or a yacht, while walking on a beach, at a watchtower in the moorland, or on the piers and beach pastures is an integral part of experiencing our seasons. <strong><a href=\"https:\/\/www.facebook.com\/sinisedlained\" target=\"_blank\" rel=\"noopener\">Blue Waves<\/a><\/strong> take you to enjoy the sunset at sea, and at<strong> <a href=\"https:\/\/www.facebook.com\/surfhunt.ee\" target=\"_blank\" rel=\"noopener\">Surfhunt<\/a><\/strong>, you can take a boat to slowly paddle towards the setting sun. We also have a whole festival dedicated to sunsets \u2013 <strong><a href=\"https:\/\/www.kablifestival.ee\" target=\"_blank\" rel=\"noopener\">Kabli Sunset Festival<\/a>.<\/strong> We also have two moles: one is the historic <strong><a href=\"https:\/\/rannatee.ee\/en\/map-app\/93559\/\">Uulu mole<\/a><\/strong> in Merek\u00fcla and the other is at <strong><a href=\"https:\/\/rannatee.ee\/kaardirakendus\/loodus\/varbla-sadam\/\">Varbla Harbour<\/a>.<\/strong><\/span><\/p>\n<p class=\"western\" lang=\"et-EE\" style=\"text-align: center;\"><span lang=\"en-GB\">We have watchtowers and secluded coasts, swimming spots and endless beach meadows where we enjoy swimming, dining or spending the night while enjoying the setting sun.<\/span><\/p>\n<\/div><\/div><\/div><\/div><\/div><div class=\"fusion-fullwidth fullwidth-box fusion-builder-row-5 has-pattern-background has-mask-background hundred-percent-fullwidth non-hundred-percent-height-scrolling\" style=\"--awb-background-position:center bottom;--awb-border-radius-top-left:0px;--awb-border-radius-top-right:0px;--awb-border-radius-bottom-right:0px;--awb-border-radius-bottom-left:0px;--awb-padding-top:20px;--awb-padding-right:0px;--awb-padding-bottom:20px;--awb-padding-left:0px;--awb-margin-top:20px;--awb-background-color:#ffffff;--awb-flex-wrap:wrap;\" ><div class=\"fusion-builder-row fusion-row\"><div class=\"fusion-layout-column fusion_builder_column fusion-builder-column-6 fusion_builder_column_1_1 1_1 fusion-one-full fusion-column-first fusion-column-last\" style=\"--awb-bg-size:cover;\"><div class=\"fusion-column-wrapper fusion-column-has-shadow fusion-flex-column-wrapper-legacy\"><div class=\"fusion-text fusion-text-4 fusion-text-no-margin\" style=\"--awb-margin-top:20px;--awb-margin-bottom:30px;\"><h3 class=\"western\" lang=\"et-EE\" style=\"text-align: center;\"><span lang=\"en-GB\">The best places on the Beach Route for experiencing the sunset<\/span><\/h3>\n<\/div><div class=\"fusion-clearfix\"><\/div><\/div><\/div><\/div><\/div><div class=\"fusion-fullwidth fullwidth-box fusion-builder-row-6 fusion-flex-container has-pattern-background has-mask-background nonhundred-percent-fullwidth non-hundred-percent-height-scrolling\" style=\"--awb-border-radius-top-left:0px;--awb-border-radius-top-right:0px;--awb-border-radius-bottom-right:0px;--awb-border-radius-bottom-left:0px;--awb-padding-bottom:20px;--awb-flex-wrap:wrap;\" ><div class=\"fusion-builder-row fusion-row fusion-flex-align-items-flex-start fusion-flex-content-wrap\" style=\"max-width:1248px;margin-left: calc(-4% \/ 2 );margin-right: calc(-4% \/ 2 );\"><div class=\"fusion-layout-column fusion_builder_column fusion-builder-column-7 fusion_builder_column_1_3 1_3 fusion-flex-column\" style=\"--awb-bg-size:cover;--awb-width-large:33.333333333333%;--awb-margin-top-large:0px;--awb-spacing-right-large:5.76%;--awb-margin-bottom-large:0px;--awb-spacing-left-large:5.76%;--awb-width-medium:100%;--awb-order-medium:0;--awb-spacing-right-medium:1.92%;--awb-spacing-left-medium:1.92%;--awb-width-small:100%;--awb-order-small:0;--awb-spacing-right-small:1.92%;--awb-spacing-left-small:1.92%;\"><div class=\"fusion-column-wrapper fusion-column-has-shadow fusion-flex-justify-content-flex-start fusion-content-layout-column\"><\/div><\/div><div class=\"fusion-layout-column fusion_builder_column fusion-builder-column-8 fusion_builder_column_1_3 1_3 fusion-flex-column\" style=\"--awb-bg-size:cover;--awb-width-large:33.333333333333%;--awb-margin-top-large:0px;--awb-spacing-right-large:5.76%;--awb-margin-bottom-large:0px;--awb-spacing-left-large:5.76%;--awb-width-medium:100%;--awb-order-medium:0;--awb-spacing-right-medium:1.92%;--awb-spacing-left-medium:1.92%;--awb-width-small:100%;--awb-order-small:0;--awb-spacing-right-small:1.92%;--awb-spacing-left-small:1.92%;\"><div class=\"fusion-column-wrapper fusion-column-has-shadow fusion-flex-justify-content-flex-start fusion-content-layout-column\"><div class=\"fusion-sharing-box fusion-sharing-box-1 has-taglines layout-floated layout-medium-floated layout-small-stacked\" style=\"background-color:#f6f6f6;border-color:#cccccc;--awb-separator-border-color:#cccccc;--awb-separator-border-sizes:0px;--awb-layout:row;--awb-alignment-small:space-between;--awb-stacked-align-small:center;\" data-title=\"Loojangud Rannateel\" data-description=\"P\u00fc\u00fca kinni \u00fcks p\u00e4ikeseloojang ja toida sellega oma hinge. \" data-link=\"https:\/\/rannatee.ee\/paikeseloojangud-rannateel\/\" data-image=\"https:\/\/rannatee.ee\/wp-content\/uploads\/2022\/12\/1-0967-scaled.jpg\"><h4 class=\"tagline\" style=\"color:#333333;\">Jaga seda lehte!<\/h4><div class=\"fusion-social-networks sharingbox-shortcode-icon-wrapper sharingbox-shortcode-icon-wrapper-1\"><span><a href=\"https:\/\/www.facebook.com\/sharer.php?u=https%3A%2F%2Frannatee.ee%2Fpaikeseloojangud-rannateel%2F&amp;t=Loojangud%20Rannateel\" target=\"_blank\" rel=\"noreferrer\" title=\"Facebook\" aria-label=\"Facebook\" data-placement=\"top\" data-toggle=\"tooltip\" data-title=\"Facebook\" data-><i class=\"fusion-social-network-icon fusion-tooltip fusion-facebook awb-icon-facebook\" style=\"color:var(--awb-color6);\" aria-hidden=\"true\"><\/i><\/a><\/span><\/div><\/div><\/div><\/div><div class=\"fusion-layout-column fusion_builder_column fusion-builder-column-9 fusion_builder_column_1_3 1_3 fusion-flex-column\" style=\"--awb-bg-size:cover;--awb-width-large:33.333333333333%;--awb-margin-top-large:0px;--awb-spacing-right-large:5.76%;--awb-margin-bottom-large:0px;--awb-spacing-left-large:5.76%;--awb-width-medium:100%;--awb-order-medium:0;--awb-spacing-right-medium:1.92%;--awb-spacing-left-medium:1.92%;--awb-width-small:100%;--awb-order-small:0;--awb-spacing-right-small:1.92%;--awb-spacing-left-small:1.92%;\"><div class=\"fusion-column-wrapper fusion-column-has-shadow fusion-flex-justify-content-flex-start fusion-content-layout-column\"><\/div><\/div><\/div><\/div><\/p>\n","protected":false},"excerpt":{"rendered":"","protected":false},"author":1,"featured_media":0,"parent":0,"menu_order":0,"comment_status":"closed","ping_status":"closed","template":"100-width.php","meta":{"_acf_changed":false,"footnotes":""},"class_list":["post-100865","page","type-page","status-publish","hentry"],"acf":[],"_links":{"self":[{"href":"https:\/\/rannatee.ee\/en\/wp-json\/wp\/v2\/pages\/100865","targetHints":{"allow":["GET"]}}],"collection":[{"href":"https:\/\/rannatee.ee\/en\/wp-json\/wp\/v2\/pages"}],"about":[{"href":"https:\/\/rannatee.ee\/en\/wp-json\/wp\/v2\/types\/page"}],"author":[{"embeddable":true,"href":"https:\/\/rannatee.ee\/en\/wp-json\/wp\/v2\/users\/1"}],"replies":[{"embeddable":true,"href":"https:\/\/rannatee.ee\/en\/wp-json\/wp\/v2\/comments?post=100865"}],"version-history":[{"count":2,"href":"https:\/\/rannatee.ee\/en\/wp-json\/wp\/v2\/pages\/100865\/revisions"}],"predecessor-version":[{"id":102056,"href":"https:\/\/rannatee.ee\/en\/wp-json\/wp\/v2\/pages\/100865\/revisions\/102056"}],"wp:attachment":[{"href":"https:\/\/rannatee.ee\/en\/wp-json\/wp\/v2\/media?parent=100865"}],"curies":[{"name":"wp","href":"https:\/\/api.w.org\/{rel}","templated":true}]}}